{"id":1602,"date":"2025-01-27T04:57:51","date_gmt":"2025-01-27T03:57:51","guid":{"rendered":"https:\/\/www.redrawplan.com\/3d-floor-plans\/"},"modified":"2026-03-08T00:33:18","modified_gmt":"2026-03-07T23:33:18","slug":"3d-grundrisse","status":"publish","type":"page","link":"https:\/\/www.redrawplan.com\/de\/3d-grundrisse\/","title":{"rendered":"3D Grundrisse"},"content":{"rendered":"\t\t<div data-elementor-type=\"wp-page\" data-elementor-id=\"1602\" class=\"elementor elementor-1602\">\n\t\t\t\t\t\t<section class=\"elementor-section elementor-top-section elementor-element elementor-element-4a0d632 elementor-section-content-middle elementor-section-boxed elementor-section-height-default elementor-section-height-default creativo-sticky-disabled\" data-id=\"4a0d632\" data-element_type=\"section\" data-e-type=\"section\" data-settings=\"{&quot;enable_creativo_sticky&quot;:&quot;disabled&quot;}\">\n\t\t\t\t\t\t<div class=\"elementor-container elementor-column-gap-default\">\n\t\t\t\t\t<div class=\"elementor-column elementor-col-50 elementor-top-column elementor-element elementor-element-b78fdcc\" data-id=\"b78fdcc\" data-element_type=\"column\" data-e-type=\"column\">\n\t\t\t<div class=\"elementor-widget-wrap elementor-element-populated\">\n\t\t\t\t\t\t<div class=\"elementor-element elementor-element-e996ce2 animated-slow elementor-invisible elementor-widget elementor-widget-heading\" data-id=\"e996ce2\" data-element_type=\"widget\" data-e-type=\"widget\" data-settings=\"{&quot;_animation&quot;:&quot;fadeInUp&quot;}\" data-widget_type=\"heading.default\">\n\t\t\t\t<div class=\"elementor-widget-container\">\n\t\t\t\t\t<h1 class=\"elementor-heading-title elementor-size-default\"><b>3D Grundrisse <\/b> f\u00fcr Immobilien<\/h1>\t\t\t\t<\/div>\n\t\t\t\t<\/div>\n\t\t\t\t<div class=\"elementor-element elementor-element-10d0cc9 elementor-invisible elementor-widget elementor-widget-text-editor\" data-id=\"10d0cc9\" data-element_type=\"widget\" data-e-type=\"widget\" data-settings=\"{&quot;_animation&quot;:&quot;fadeInUp&quot;,&quot;_animation_delay&quot;:400}\" data-widget_type=\"text-editor.default\">\n\t\t\t\t<div class=\"elementor-widget-container\">\n\t\t\t\t\t\t\t\t\t<p><strong>3D-Grundrisse<\/strong> bieten eine realistische Ansicht von Innenr\u00e4umen, einschlie\u00dflich Wohnzimmern, Schlafzimmern, K\u00fcchen, Badezimmern und B\u00fcror\u00e4umen. Durch die neuen M\u00f6glichkeiten der <a href=\"https:\/\/www.reviz.design\/\" target=\"_blank\" rel=\"noopener\"><strong>KI-gest\u00fctzten Architekturvisualisierung mit Reviz<\/strong><\/a> heben diese detaillierten Visualisierungen Grundrisse und Gestaltungsmerkmale noch wirkungsvoller hervor und helfen dabei, Immobilien in Expos\u00e9s und Marketingmaterialien besser zur Geltung zu bringen.<\/p>\t\t\t\t\t\t\t\t<\/div>\n\t\t\t\t<\/div>\n\t\t\t\t\t<\/div>\n\t\t<\/div>\n\t\t\t\t<div class=\"elementor-column elementor-col-50 elementor-top-column elementor-element elementor-element-5f479d4\" data-id=\"5f479d4\" data-element_type=\"column\" data-e-type=\"column\">\n\t\t\t<div class=\"elementor-widget-wrap elementor-element-populated\">\n\t\t\t\t\t\t<div class=\"elementor-element elementor-element-2f6dd4c animated-slow elementor-invisible elementor-widget elementor-widget-image\" data-id=\"2f6dd4c\" data-element_type=\"widget\" data-e-type=\"widget\" data-settings=\"{&quot;_animation&quot;:&quot;fadeInDown&quot;,&quot;_animation_delay&quot;:200}\" data-widget_type=\"image.default\">\n\t\t\t\t<div class=\"elementor-widget-container\">\n\t\t\t\t\t\t\t\t\t\t\t\t\t\t\t<img fetchpriority=\"high\" decoding=\"async\" width=\"2560\" height=\"2560\" src=\"https:\/\/www.redrawplan.com\/wp-content\/uploads\/2025\/01\/redrawplan-plan-service-scaled.jpg\" class=\"attachment-full size-full wp-image-1401\" alt=\"redraw plan 3d floor plan service\" srcset=\"https:\/\/www.redrawplan.com\/wp-content\/uploads\/2025\/01\/redrawplan-plan-service-scaled.jpg 2560w, https:\/\/www.redrawplan.com\/wp-content\/uploads\/2025\/01\/redrawplan-plan-service-300x300.jpg 300w, https:\/\/www.redrawplan.com\/wp-content\/uploads\/2025\/01\/redrawplan-plan-service-1024x1024.jpg 1024w, https:\/\/www.redrawplan.com\/wp-content\/uploads\/2025\/01\/redrawplan-plan-service-150x150.jpg 150w, https:\/\/www.redrawplan.com\/wp-content\/uploads\/2025\/01\/redrawplan-plan-service-768x768.jpg 768w, https:\/\/www.redrawplan.com\/wp-content\/uploads\/2025\/01\/redrawplan-plan-service-1536x1536.jpg 1536w, https:\/\/www.redrawplan.com\/wp-content\/uploads\/2025\/01\/redrawplan-plan-service-2048x2048.jpg 2048w, https:\/\/www.redrawplan.com\/wp-content\/uploads\/2025\/01\/redrawplan-plan-service-90x90.jpg 90w\" sizes=\"(max-width: 2560px) 100vw, 2560px\" \/>\t\t\t\t\t\t\t\t\t\t\t\t\t\t\t<\/div>\n\t\t\t\t<\/div>\n\t\t\t\t\t<\/div>\n\t\t<\/div>\n\t\t\t\t\t<\/div>\n\t\t<\/section>\n\t\t\t\t<section class=\"elementor-section elementor-top-section elementor-element elementor-element-b8ab11b elementor-reverse-tablet elementor-reverse-mobile elementor-section-boxed elementor-section-height-default elementor-section-height-default creativo-sticky-disabled\" data-id=\"b8ab11b\" data-element_type=\"section\" data-e-type=\"section\" data-settings=\"{&quot;enable_creativo_sticky&quot;:&quot;disabled&quot;}\">\n\t\t\t\t\t\t<div class=\"elementor-container elementor-column-gap-default\">\n\t\t\t\t\t<div class=\"elementor-column elementor-col-50 elementor-top-column elementor-element elementor-element-159ca25\" data-id=\"159ca25\" data-element_type=\"column\" data-e-type=\"column\">\n\t\t\t<div class=\"elementor-widget-wrap elementor-element-populated\">\n\t\t\t\t\t\t<div class=\"elementor-element elementor-element-82c38e5 elementor-widget elementor-widget-image\" data-id=\"82c38e5\" data-element_type=\"widget\" data-e-type=\"widget\" data-widget_type=\"image.default\">\n\t\t\t\t<div class=\"elementor-widget-container\">\n\t\t\t\t\t\t\t\t\t\t\t\t\t\t\t<img decoding=\"async\" width=\"600\" height=\"541\" src=\"https:\/\/www.redrawplan.com\/wp-content\/uploads\/2025\/01\/3D-Floor-Plan.png\" class=\"attachment-full size-full wp-image-1498\" alt=\"3D Floor Plan Service\" srcset=\"https:\/\/www.redrawplan.com\/wp-content\/uploads\/2025\/01\/3D-Floor-Plan.png 600w, https:\/\/www.redrawplan.com\/wp-content\/uploads\/2025\/01\/3D-Floor-Plan-300x271.png 300w\" sizes=\"(max-width: 600px) 100vw, 600px\" \/>\t\t\t\t\t\t\t\t\t\t\t\t\t\t\t<\/div>\n\t\t\t\t<\/div>\n\t\t\t\t<div class=\"elementor-element elementor-element-2f3ec17 elementor-widget elementor-widget-heading\" data-id=\"2f3ec17\" data-element_type=\"widget\" data-e-type=\"widget\" data-widget_type=\"heading.default\">\n\t\t\t\t<div class=\"elementor-widget-container\">\n\t\t\t\t\t<h2 class=\"elementor-heading-title elementor-size-default\"><b>3D Grundrisse f\u00fcr Immobilien:<\/b> Immobilien vor dem Bau oder Verkauf visualisieren<\/h2>\t\t\t\t<\/div>\n\t\t\t\t<\/div>\n\t\t\t\t<section class=\"elementor-section elementor-inner-section elementor-element elementor-element-f1babab elementor-section-boxed elementor-section-height-default elementor-section-height-default creativo-sticky-disabled\" data-id=\"f1babab\" data-element_type=\"section\" data-e-type=\"section\" data-settings=\"{&quot;enable_creativo_sticky&quot;:&quot;disabled&quot;}\">\n\t\t\t\t\t\t<div class=\"elementor-container elementor-column-gap-default\">\n\t\t\t\t\t<div class=\"elementor-column elementor-col-50 elementor-inner-column elementor-element elementor-element-2694ebf\" data-id=\"2694ebf\" data-element_type=\"column\" data-e-type=\"column\">\n\t\t\t<div class=\"elementor-widget-wrap elementor-element-populated\">\n\t\t\t\t\t\t<div class=\"elementor-element elementor-element-d38d0e0 elementor-widget elementor-widget-image\" data-id=\"d38d0e0\" data-element_type=\"widget\" data-e-type=\"widget\" data-widget_type=\"image.default\">\n\t\t\t\t<div class=\"elementor-widget-container\">\n\t\t\t\t\t\t\t\t\t\t\t\t\t\t\t<img decoding=\"async\" width=\"150\" height=\"150\" src=\"https:\/\/www.redrawplan.com\/wp-content\/uploads\/2025\/01\/3d-floor-plan-icon-150x150.png\" class=\"attachment-thumbnail size-thumbnail wp-image-1422\" alt=\"3d floor plans icon\" srcset=\"https:\/\/www.redrawplan.com\/wp-content\/uploads\/2025\/01\/3d-floor-plan-icon-150x150.png 150w, https:\/\/www.redrawplan.com\/wp-content\/uploads\/2025\/01\/3d-floor-plan-icon-300x300.png 300w, https:\/\/www.redrawplan.com\/wp-content\/uploads\/2025\/01\/3d-floor-plan-icon-90x90.png 90w, https:\/\/www.redrawplan.com\/wp-content\/uploads\/2025\/01\/3d-floor-plan-icon.png 512w\" sizes=\"(max-width: 150px) 100vw, 150px\" \/>\t\t\t\t\t\t\t\t\t\t\t\t\t\t\t<\/div>\n\t\t\t\t<\/div>\n\t\t\t\t\t<\/div>\n\t\t<\/div>\n\t\t\t\t<div class=\"elementor-column elementor-col-50 elementor-inner-column elementor-element elementor-element-50ea254\" data-id=\"50ea254\" data-element_type=\"column\" data-e-type=\"column\">\n\t\t\t<div class=\"elementor-widget-wrap elementor-element-populated\">\n\t\t\t\t\t\t<div class=\"elementor-element elementor-element-6a6cd9d elementor-widget elementor-widget-text-editor\" data-id=\"6a6cd9d\" data-element_type=\"widget\" data-e-type=\"widget\" data-widget_type=\"text-editor.default\">\n\t\t\t\t<div class=\"elementor-widget-container\">\n\t\t\t\t\t\t\t\t\t<p><strong>3D Grundrisse<\/strong> sind ein wertvolles Werkzeug f\u00fcr Immobilienprofis, die Objekte klar und stilvoll pr\u00e4sentieren m\u00f6chten. Im Gegensatz zu traditionellen 2D-Layouts bieten 3D-Grundrisse eine realistische Perspektive, die potenziellen K\u00e4ufern oder Mietern ein besseres Verst\u00e4ndnis f\u00fcr die Raumaufteilung, Gr\u00f6\u00dfe und den Fluss der Immobilie vermittelt. Diese Pl\u00e4ne heben das Potenzial jedes Raums hervor und pr\u00e4sentieren Design sowie Funktionalit\u00e4t in einem visuell ansprechenden Format, das Immobilien in Expos\u00e9s und Marketingmaterialien besonders hervorstechen l\u00e4sst.<\/p>\t\t\t\t\t\t\t\t<\/div>\n\t\t\t\t<\/div>\n\t\t\t\t\t<\/div>\n\t\t<\/div>\n\t\t\t\t\t<\/div>\n\t\t<\/section>\n\t\t\t\t<div class=\"elementor-element elementor-element-0c46a10 elementor-widget elementor-widget-image\" data-id=\"0c46a10\" data-element_type=\"widget\" data-e-type=\"widget\" data-widget_type=\"image.default\">\n\t\t\t\t<div class=\"elementor-widget-container\">\n\t\t\t\t\t\t\t\t\t\t\t\t\t\t\t<img loading=\"lazy\" decoding=\"async\" width=\"600\" height=\"541\" src=\"https:\/\/www.redrawplan.com\/wp-content\/uploads\/2025\/01\/3D-Floor-Plan-Furnished.png\" class=\"attachment-full size-full wp-image-1500\" alt=\"3D Floor Plan\" srcset=\"https:\/\/www.redrawplan.com\/wp-content\/uploads\/2025\/01\/3D-Floor-Plan-Furnished.png 600w, https:\/\/www.redrawplan.com\/wp-content\/uploads\/2025\/01\/3D-Floor-Plan-Furnished-300x271.png 300w\" sizes=\"(max-width: 600px) 100vw, 600px\" \/>\t\t\t\t\t\t\t\t\t\t\t\t\t\t\t<\/div>\n\t\t\t\t<\/div>\n\t\t\t\t<section class=\"elementor-section elementor-inner-section elementor-element elementor-element-da1803c elementor-section-boxed elementor-section-height-default elementor-section-height-default creativo-sticky-disabled\" data-id=\"da1803c\" data-element_type=\"section\" data-e-type=\"section\" data-settings=\"{&quot;enable_creativo_sticky&quot;:&quot;disabled&quot;}\">\n\t\t\t\t\t\t<div class=\"elementor-container elementor-column-gap-default\">\n\t\t\t\t\t<div class=\"elementor-column elementor-col-50 elementor-inner-column elementor-element elementor-element-e52bd4a\" data-id=\"e52bd4a\" data-element_type=\"column\" data-e-type=\"column\">\n\t\t\t<div class=\"elementor-widget-wrap elementor-element-populated\">\n\t\t\t\t\t\t<div class=\"elementor-element elementor-element-3923c98 elementor-widget elementor-widget-image\" data-id=\"3923c98\" data-element_type=\"widget\" data-e-type=\"widget\" data-widget_type=\"image.default\">\n\t\t\t\t<div class=\"elementor-widget-container\">\n\t\t\t\t\t\t\t\t\t\t\t\t\t\t\t<img loading=\"lazy\" decoding=\"async\" width=\"150\" height=\"150\" src=\"https:\/\/www.redrawplan.com\/wp-content\/uploads\/2025\/01\/3d-floor-plans-icon-150x150.png\" class=\"attachment-thumbnail size-thumbnail wp-image-1427\" alt=\"3d floor plan drawing service\" srcset=\"https:\/\/www.redrawplan.com\/wp-content\/uploads\/2025\/01\/3d-floor-plans-icon-150x150.png 150w, https:\/\/www.redrawplan.com\/wp-content\/uploads\/2025\/01\/3d-floor-plans-icon-90x90.png 90w, https:\/\/www.redrawplan.com\/wp-content\/uploads\/2025\/01\/3d-floor-plans-icon.png 256w\" sizes=\"(max-width: 150px) 100vw, 150px\" \/>\t\t\t\t\t\t\t\t\t\t\t\t\t\t\t<\/div>\n\t\t\t\t<\/div>\n\t\t\t\t\t<\/div>\n\t\t<\/div>\n\t\t\t\t<div class=\"elementor-column elementor-col-50 elementor-inner-column elementor-element elementor-element-46d573e\" data-id=\"46d573e\" data-element_type=\"column\" data-e-type=\"column\">\n\t\t\t<div class=\"elementor-widget-wrap elementor-element-populated\">\n\t\t\t\t\t\t<div class=\"elementor-element elementor-element-6c1a362 elementor-widget elementor-widget-text-editor\" data-id=\"6c1a362\" data-element_type=\"widget\" data-e-type=\"widget\" data-widget_type=\"text-editor.default\">\n\t\t\t\t<div class=\"elementor-widget-container\">\n\t\t\t\t\t\t\t\t\t<p>Ob f\u00fcr Neubauprojekte oder Bestandsimmobilien,\u00a0 <strong>3D Grundrisse<\/strong> bieten Maklern eine praktische und effektive L\u00f6sung. Sie machen physisches Home Staging \u00fcberfl\u00fcssig und liefern eine klare, professionelle Visualisierung des Innenraums. Genaue Raumma\u00dfe in Kombination mit realistischen Texturen und Materialien schaffen eine ansprechende Darstellung, die potenzielle K\u00e4ufer \u00fcberzeugt.<\/p>\t\t\t\t\t\t\t\t<\/div>\n\t\t\t\t<\/div>\n\t\t\t\t\t<\/div>\n\t\t<\/div>\n\t\t\t\t\t<\/div>\n\t\t<\/section>\n\t\t\t\t\t<\/div>\n\t\t<\/div>\n\t\t\t\t<div class=\"elementor-column elementor-col-50 elementor-top-column elementor-element elementor-element-eb568f8 elementor-invisible\" data-id=\"eb568f8\" data-element_type=\"column\" data-e-type=\"column\" data-settings=\"{&quot;animation&quot;:&quot;fadeInUp&quot;}\">\n\t\t\t<div class=\"elementor-widget-wrap\">\n\t\t\t\t\t\t\t<\/div>\n\t\t<\/div>\n\t\t\t\t\t<\/div>\n\t\t<\/section>\n\t\t\t\t<\/div>\n\t\t","protected":false},"excerpt":{"rendered":"<p>3D Grundrisse f\u00fcr Immobilien 3D-Grundrisse bieten eine realistische Ansicht von Innenr\u00e4umen, einschlie\u00dflich Wohnzimmern, Schlafzimmern, K\u00fcchen, Badezimmern und B\u00fcror\u00e4umen. Durch die neuen M\u00f6glichkeiten der KI-gest\u00fctzten Architekturvisualisierung mit Reviz heben diese detaillierten Visualisierungen Grundrisse und Gestaltungsmerkmale noch wirkungsvoller hervor und helfen dabei, Immobilien in Expos\u00e9s und Marketingmaterialien besser zur Geltung zu bringen. 3D Grundrisse f\u00fcr Immobilien: Immobilien&#8230;<\/p>\n","protected":false},"author":1,"featured_media":0,"parent":0,"menu_order":0,"comment_status":"closed","ping_status":"closed","template":"","meta":{"footnotes":""},"class_list":["post-1602","page","type-page","status-publish","hentry"],"_links":{"self":[{"href":"https:\/\/www.redrawplan.com\/de\/wp-json\/wp\/v2\/pages\/1602","targetHints":{"allow":["GET"]}}],"collection":[{"href":"https:\/\/www.redrawplan.com\/de\/wp-json\/wp\/v2\/pages"}],"about":[{"href":"https:\/\/www.redrawplan.com\/de\/wp-json\/wp\/v2\/types\/page"}],"author":[{"embeddable":true,"href":"https:\/\/www.redrawplan.com\/de\/wp-json\/wp\/v2\/users\/1"}],"replies":[{"embeddable":true,"href":"https:\/\/www.redrawplan.com\/de\/wp-json\/wp\/v2\/comments?post=1602"}],"version-history":[{"count":10,"href":"https:\/\/www.redrawplan.com\/de\/wp-json\/wp\/v2\/pages\/1602\/revisions"}],"predecessor-version":[{"id":1832,"href":"https:\/\/www.redrawplan.com\/de\/wp-json\/wp\/v2\/pages\/1602\/revisions\/1832"}],"wp:attachment":[{"href":"https:\/\/www.redrawplan.com\/de\/wp-json\/wp\/v2\/media?parent=1602"}],"curies":[{"name":"wp","href":"https:\/\/api.w.org\/{rel}","templated":true}]}}