{"id":1590,"date":"2025-01-27T05:16:32","date_gmt":"2025-01-27T04:16:32","guid":{"rendered":"https:\/\/www.redrawplan.com\/2d-floor-plans\/"},"modified":"2026-03-07T23:40:04","modified_gmt":"2026-03-07T22:40:04","slug":"2d-grundrisse","status":"publish","type":"page","link":"https:\/\/www.redrawplan.com\/de\/2d-grundrisse\/","title":{"rendered":"2D Grundrisse"},"content":{"rendered":"\t\t<div data-elementor-type=\"wp-page\" data-elementor-id=\"1590\" class=\"elementor elementor-1590\">\n\t\t\t\t\t\t<section class=\"elementor-section elementor-top-section elementor-element elementor-element-4a0d632 elementor-section-content-middle elementor-section-boxed elementor-section-height-default elementor-section-height-default creativo-sticky-disabled\" data-id=\"4a0d632\" data-element_type=\"section\" data-e-type=\"section\" data-settings=\"{&quot;enable_creativo_sticky&quot;:&quot;disabled&quot;}\">\n\t\t\t\t\t\t<div class=\"elementor-container elementor-column-gap-default\">\n\t\t\t\t\t<div class=\"elementor-column elementor-col-50 elementor-top-column elementor-element elementor-element-b78fdcc\" data-id=\"b78fdcc\" data-element_type=\"column\" data-e-type=\"column\">\n\t\t\t<div class=\"elementor-widget-wrap elementor-element-populated\">\n\t\t\t\t\t\t<div class=\"elementor-element elementor-element-e996ce2 animated-slow elementor-invisible elementor-widget elementor-widget-heading\" data-id=\"e996ce2\" data-element_type=\"widget\" data-e-type=\"widget\" data-settings=\"{&quot;_animation&quot;:&quot;fadeInUp&quot;}\" data-widget_type=\"heading.default\">\n\t\t\t\t<div class=\"elementor-widget-container\">\n\t\t\t\t\t<h1 class=\"elementor-heading-title elementor-size-default\"><b>2D Grundrisse <\/b> f\u00fcr Immobilien<\/h1>\t\t\t\t<\/div>\n\t\t\t\t<\/div>\n\t\t\t\t<div class=\"elementor-element elementor-element-10d0cc9 elementor-invisible elementor-widget elementor-widget-text-editor\" data-id=\"10d0cc9\" data-element_type=\"widget\" data-e-type=\"widget\" data-settings=\"{&quot;_animation&quot;:&quot;fadeInUp&quot;,&quot;_animation_delay&quot;:400}\" data-widget_type=\"text-editor.default\">\n\t\t\t\t<div class=\"elementor-widget-container\">\n\t\t\t\t\t\t\t\t\t<p>2D-Grundrisse bieten eine klare und pr\u00e4zise \u00dcbersicht \u00fcber Innenr\u00e4ume, einschlie\u00dflich Wohnzimmer, Schlafzimmer, K\u00fcchen, Badezimmer und B\u00fcror\u00e4ume. Diese detaillierten Layouts veranschaulichen die Struktur und den Fluss einer Immobilie, was die Pr\u00e4sentation in Immobilienanzeigen und Marketingmaterialien erleichtert.<\/p>\t\t\t\t\t\t\t\t<\/div>\n\t\t\t\t<\/div>\n\t\t\t\t\t<\/div>\n\t\t<\/div>\n\t\t\t\t<div class=\"elementor-column elementor-col-50 elementor-top-column elementor-element elementor-element-5f479d4\" data-id=\"5f479d4\" data-element_type=\"column\" data-e-type=\"column\">\n\t\t\t<div class=\"elementor-widget-wrap elementor-element-populated\">\n\t\t\t\t\t\t<div class=\"elementor-element elementor-element-2f6dd4c animated-slow elementor-invisible elementor-widget elementor-widget-image\" data-id=\"2f6dd4c\" data-element_type=\"widget\" data-e-type=\"widget\" data-settings=\"{&quot;_animation&quot;:&quot;fadeInDown&quot;,&quot;_animation_delay&quot;:200}\" data-widget_type=\"image.default\">\n\t\t\t\t<div class=\"elementor-widget-container\">\n\t\t\t\t\t\t\t\t\t\t\t\t\t\t\t<img fetchpriority=\"high\" decoding=\"async\" width=\"1024\" height=\"1024\" src=\"https:\/\/www.redrawplan.com\/wp-content\/uploads\/2024\/10\/Redraw-Plan-Architect.jpeg\" class=\"attachment-full size-full wp-image-855\" alt=\"Architect women\" srcset=\"https:\/\/www.redrawplan.com\/wp-content\/uploads\/2024\/10\/Redraw-Plan-Architect.jpeg 1024w, https:\/\/www.redrawplan.com\/wp-content\/uploads\/2024\/10\/Redraw-Plan-Architect-300x300.jpeg 300w, https:\/\/www.redrawplan.com\/wp-content\/uploads\/2024\/10\/Redraw-Plan-Architect-150x150.jpeg 150w, https:\/\/www.redrawplan.com\/wp-content\/uploads\/2024\/10\/Redraw-Plan-Architect-768x768.jpeg 768w, https:\/\/www.redrawplan.com\/wp-content\/uploads\/2024\/10\/Redraw-Plan-Architect-90x90.jpeg 90w\" sizes=\"(max-width: 1024px) 100vw, 1024px\" \/>\t\t\t\t\t\t\t\t\t\t\t\t\t\t\t<\/div>\n\t\t\t\t<\/div>\n\t\t\t\t\t<\/div>\n\t\t<\/div>\n\t\t\t\t\t<\/div>\n\t\t<\/section>\n\t\t\t\t<section class=\"elementor-section elementor-top-section elementor-element elementor-element-b8ab11b elementor-reverse-tablet elementor-reverse-mobile elementor-section-boxed elementor-section-height-default elementor-section-height-default creativo-sticky-disabled\" data-id=\"b8ab11b\" data-element_type=\"section\" data-e-type=\"section\" data-settings=\"{&quot;enable_creativo_sticky&quot;:&quot;disabled&quot;}\">\n\t\t\t\t\t\t<div class=\"elementor-container elementor-column-gap-default\">\n\t\t\t\t\t<div class=\"elementor-column elementor-col-50 elementor-top-column elementor-element elementor-element-159ca25\" data-id=\"159ca25\" data-element_type=\"column\" data-e-type=\"column\">\n\t\t\t<div class=\"elementor-widget-wrap elementor-element-populated\">\n\t\t\t\t\t\t<div class=\"elementor-element elementor-element-82c38e5 elementor-widget elementor-widget-image\" data-id=\"82c38e5\" data-element_type=\"widget\" data-e-type=\"widget\" data-widget_type=\"image.default\">\n\t\t\t\t<div class=\"elementor-widget-container\">\n\t\t\t\t\t\t\t\t\t\t\t\t\t\t\t<img decoding=\"async\" width=\"2048\" height=\"1340\" src=\"https:\/\/www.redrawplan.com\/wp-content\/uploads\/2025\/01\/Wohnung-Plan-V02-1.png\" class=\"attachment-full size-full wp-image-1451\" alt=\"2d floor plan service\" srcset=\"https:\/\/www.redrawplan.com\/wp-content\/uploads\/2025\/01\/Wohnung-Plan-V02-1.png 2048w, https:\/\/www.redrawplan.com\/wp-content\/uploads\/2025\/01\/Wohnung-Plan-V02-1-300x196.png 300w, https:\/\/www.redrawplan.com\/wp-content\/uploads\/2025\/01\/Wohnung-Plan-V02-1-1024x670.png 1024w, https:\/\/www.redrawplan.com\/wp-content\/uploads\/2025\/01\/Wohnung-Plan-V02-1-768x503.png 768w, https:\/\/www.redrawplan.com\/wp-content\/uploads\/2025\/01\/Wohnung-Plan-V02-1-1536x1005.png 1536w\" sizes=\"(max-width: 2048px) 100vw, 2048px\" \/>\t\t\t\t\t\t\t\t\t\t\t\t\t\t\t<\/div>\n\t\t\t\t<\/div>\n\t\t\t\t<div class=\"elementor-element elementor-element-2f3ec17 elementor-widget elementor-widget-heading\" data-id=\"2f3ec17\" data-element_type=\"widget\" data-e-type=\"widget\" data-widget_type=\"heading.default\">\n\t\t\t\t<div class=\"elementor-widget-container\">\n\t\t\t\t\t<h2 class=\"elementor-heading-title elementor-size-default\"><b>2D Grundrisse f\u00fcr Immobilien:<\/b> Klare Visualisierung der Raumaufteilung<\/h2>\t\t\t\t<\/div>\n\t\t\t\t<\/div>\n\t\t\t\t<section class=\"elementor-section elementor-inner-section elementor-element elementor-element-f1babab elementor-section-boxed elementor-section-height-default elementor-section-height-default creativo-sticky-disabled\" data-id=\"f1babab\" data-element_type=\"section\" data-e-type=\"section\" data-settings=\"{&quot;enable_creativo_sticky&quot;:&quot;disabled&quot;}\">\n\t\t\t\t\t\t<div class=\"elementor-container elementor-column-gap-default\">\n\t\t\t\t\t<div class=\"elementor-column elementor-col-50 elementor-inner-column elementor-element elementor-element-2694ebf\" data-id=\"2694ebf\" data-element_type=\"column\" data-e-type=\"column\">\n\t\t\t<div class=\"elementor-widget-wrap elementor-element-populated\">\n\t\t\t\t\t\t<div class=\"elementor-element elementor-element-d38d0e0 elementor-widget elementor-widget-image\" data-id=\"d38d0e0\" data-element_type=\"widget\" data-e-type=\"widget\" data-widget_type=\"image.default\">\n\t\t\t\t<div class=\"elementor-widget-container\">\n\t\t\t\t\t\t\t\t\t\t\t\t\t\t\t<img decoding=\"async\" width=\"150\" height=\"150\" src=\"https:\/\/www.redrawplan.com\/wp-content\/uploads\/2025\/01\/floor-plan-service-150x150.png\" class=\"attachment-thumbnail size-thumbnail wp-image-1432\" alt=\"floor plan drawing service\" srcset=\"https:\/\/www.redrawplan.com\/wp-content\/uploads\/2025\/01\/floor-plan-service-150x150.png 150w, https:\/\/www.redrawplan.com\/wp-content\/uploads\/2025\/01\/floor-plan-service-300x300.png 300w, https:\/\/www.redrawplan.com\/wp-content\/uploads\/2025\/01\/floor-plan-service-90x90.png 90w, https:\/\/www.redrawplan.com\/wp-content\/uploads\/2025\/01\/floor-plan-service.png 512w\" sizes=\"(max-width: 150px) 100vw, 150px\" \/>\t\t\t\t\t\t\t\t\t\t\t\t\t\t\t<\/div>\n\t\t\t\t<\/div>\n\t\t\t\t\t<\/div>\n\t\t<\/div>\n\t\t\t\t<div class=\"elementor-column elementor-col-50 elementor-inner-column elementor-element elementor-element-50ea254\" data-id=\"50ea254\" data-element_type=\"column\" data-e-type=\"column\">\n\t\t\t<div class=\"elementor-widget-wrap elementor-element-populated\">\n\t\t\t\t\t\t<div class=\"elementor-element elementor-element-6a6cd9d elementor-widget elementor-widget-text-editor\" data-id=\"6a6cd9d\" data-element_type=\"widget\" data-e-type=\"widget\" data-widget_type=\"text-editor.default\">\n\t\t\t\t<div class=\"elementor-widget-container\">\n\t\t\t\t\t\t\t\t\t<p><strong>2D Grundrisse<\/strong> sind ein unverzichtbares Werkzeug f\u00fcr Immobilienprofis und bieten eine klare und pr\u00e4zise Darstellung der Raumaufteilung einer Immobilie. Diese Pl\u00e4ne erm\u00f6glichen es potenziellen K\u00e4ufern oder Mietern, die Struktur und den Fluss eines Raumes auf einen Blick zu erfassen. Ob f\u00fcr die Pr\u00e4sentation eines Hauses, einer Wohnung oder einer Gewerbeimmobilie\u00a0 2D Grundrisse erleichtern die Kommunikation des Potenzials der Immobilie und heben die Funktionalit\u00e4t jedes Bereichs hervor.<\/p>\t\t\t\t\t\t\t\t<\/div>\n\t\t\t\t<\/div>\n\t\t\t\t\t<\/div>\n\t\t<\/div>\n\t\t\t\t\t<\/div>\n\t\t<\/section>\n\t\t\t\t<div class=\"elementor-element elementor-element-5552f2c elementor-widget elementor-widget-image\" data-id=\"5552f2c\" data-element_type=\"widget\" data-e-type=\"widget\" data-widget_type=\"image.default\">\n\t\t\t\t<div class=\"elementor-widget-container\">\n\t\t\t\t\t\t\t\t\t\t\t\t\t\t\t<img loading=\"lazy\" decoding=\"async\" width=\"2048\" height=\"1340\" src=\"https:\/\/www.redrawplan.com\/wp-content\/uploads\/2025\/01\/Wohnung-Plan-V01.png\" class=\"attachment-full size-full wp-image-1453\" alt=\"black and white floor plan\" srcset=\"https:\/\/www.redrawplan.com\/wp-content\/uploads\/2025\/01\/Wohnung-Plan-V01.png 2048w, https:\/\/www.redrawplan.com\/wp-content\/uploads\/2025\/01\/Wohnung-Plan-V01-300x196.png 300w, https:\/\/www.redrawplan.com\/wp-content\/uploads\/2025\/01\/Wohnung-Plan-V01-1024x670.png 1024w, https:\/\/www.redrawplan.com\/wp-content\/uploads\/2025\/01\/Wohnung-Plan-V01-768x503.png 768w, https:\/\/www.redrawplan.com\/wp-content\/uploads\/2025\/01\/Wohnung-Plan-V01-1536x1005.png 1536w\" sizes=\"(max-width: 2048px) 100vw, 2048px\" \/>\t\t\t\t\t\t\t\t\t\t\t\t\t\t\t<\/div>\n\t\t\t\t<\/div>\n\t\t\t\t<section class=\"elementor-section elementor-inner-section elementor-element elementor-element-da1803c elementor-section-boxed elementor-section-height-default elementor-section-height-default creativo-sticky-disabled\" data-id=\"da1803c\" data-element_type=\"section\" data-e-type=\"section\" data-settings=\"{&quot;enable_creativo_sticky&quot;:&quot;disabled&quot;}\">\n\t\t\t\t\t\t<div class=\"elementor-container elementor-column-gap-default\">\n\t\t\t\t\t<div class=\"elementor-column elementor-col-50 elementor-inner-column elementor-element elementor-element-e52bd4a\" data-id=\"e52bd4a\" data-element_type=\"column\" data-e-type=\"column\">\n\t\t\t<div class=\"elementor-widget-wrap elementor-element-populated\">\n\t\t\t\t\t\t<div class=\"elementor-element elementor-element-3923c98 elementor-widget elementor-widget-image\" data-id=\"3923c98\" data-element_type=\"widget\" data-e-type=\"widget\" data-widget_type=\"image.default\">\n\t\t\t\t<div class=\"elementor-widget-container\">\n\t\t\t\t\t\t\t\t\t\t\t\t\t\t\t<img loading=\"lazy\" decoding=\"async\" width=\"150\" height=\"150\" src=\"https:\/\/www.redrawplan.com\/wp-content\/uploads\/2025\/01\/floor-plan-icon-150x150.png\" class=\"attachment-thumbnail size-thumbnail wp-image-1434\" alt=\"\" srcset=\"https:\/\/www.redrawplan.com\/wp-content\/uploads\/2025\/01\/floor-plan-icon-150x150.png 150w, https:\/\/www.redrawplan.com\/wp-content\/uploads\/2025\/01\/floor-plan-icon-300x300.png 300w, https:\/\/www.redrawplan.com\/wp-content\/uploads\/2025\/01\/floor-plan-icon-90x90.png 90w, https:\/\/www.redrawplan.com\/wp-content\/uploads\/2025\/01\/floor-plan-icon.png 512w\" sizes=\"(max-width: 150px) 100vw, 150px\" \/>\t\t\t\t\t\t\t\t\t\t\t\t\t\t\t<\/div>\n\t\t\t\t<\/div>\n\t\t\t\t\t<\/div>\n\t\t<\/div>\n\t\t\t\t<div class=\"elementor-column elementor-col-50 elementor-inner-column elementor-element elementor-element-46d573e\" data-id=\"46d573e\" data-element_type=\"column\" data-e-type=\"column\">\n\t\t\t<div class=\"elementor-widget-wrap elementor-element-populated\">\n\t\t\t\t\t\t<div class=\"elementor-element elementor-element-6c1a362 elementor-widget elementor-widget-text-editor\" data-id=\"6c1a362\" data-element_type=\"widget\" data-e-type=\"widget\" data-widget_type=\"text-editor.default\">\n\t\t\t\t<div class=\"elementor-widget-container\">\n\t\t\t\t\t\t\t\t\t<p>Ideal f\u00fcr das Immobilienmarketing:<strong> 2D Grundrisse<\/strong> sind vielseitig einsetzbar und lassen sich m\u00fchelos an Ihr Branding anpassen. Mit der M\u00f6glichkeit, Ma\u00dfe, Beschriftungen und Farbschemata einzuf\u00fcgen, bieten sie eine professionelle Pr\u00e4sentation f\u00fcr jedes Expos\u00e9. Ob f\u00fcr Neubauprojekte oder den Wiederverkauf von Immobilien, 2D Grundrisse sind eine kosteneffiziente L\u00f6sung, die das K\u00e4uferinteresse steigert und fundierte Entscheidungen unterst\u00fctzt.<\/p>\t\t\t\t\t\t\t\t<\/div>\n\t\t\t\t<\/div>\n\t\t\t\t\t<\/div>\n\t\t<\/div>\n\t\t\t\t\t<\/div>\n\t\t<\/section>\n\t\t\t\t<div class=\"elementor-element elementor-element-8822f5c elementor-widget elementor-widget-image\" data-id=\"8822f5c\" data-element_type=\"widget\" data-e-type=\"widget\" data-widget_type=\"image.default\">\n\t\t\t\t<div class=\"elementor-widget-container\">\n\t\t\t\t\t\t\t\t\t\t\t\t\t\t\t<img loading=\"lazy\" decoding=\"async\" width=\"2048\" height=\"1340\" src=\"https:\/\/www.redrawplan.com\/wp-content\/uploads\/2025\/01\/Wohnung-Plan-V06.png\" class=\"attachment-full size-full wp-image-1455\" alt=\"colorful 2d floor plan for real estate\" srcset=\"https:\/\/www.redrawplan.com\/wp-content\/uploads\/2025\/01\/Wohnung-Plan-V06.png 2048w, https:\/\/www.redrawplan.com\/wp-content\/uploads\/2025\/01\/Wohnung-Plan-V06-300x196.png 300w, https:\/\/www.redrawplan.com\/wp-content\/uploads\/2025\/01\/Wohnung-Plan-V06-1024x670.png 1024w, https:\/\/www.redrawplan.com\/wp-content\/uploads\/2025\/01\/Wohnung-Plan-V06-768x503.png 768w, https:\/\/www.redrawplan.com\/wp-content\/uploads\/2025\/01\/Wohnung-Plan-V06-1536x1005.png 1536w\" sizes=\"(max-width: 2048px) 100vw, 2048px\" \/>\t\t\t\t\t\t\t\t\t\t\t\t\t\t\t<\/div>\n\t\t\t\t<\/div>\n\t\t\t\t\t<\/div>\n\t\t<\/div>\n\t\t\t\t<div class=\"elementor-column elementor-col-50 elementor-top-column elementor-element elementor-element-eb568f8 elementor-invisible\" data-id=\"eb568f8\" data-element_type=\"column\" data-e-type=\"column\" data-settings=\"{&quot;animation&quot;:&quot;fadeInUp&quot;}\">\n\t\t\t<div class=\"elementor-widget-wrap\">\n\t\t\t\t\t\t\t<\/div>\n\t\t<\/div>\n\t\t\t\t\t<\/div>\n\t\t<\/section>\n\t\t\t\t<\/div>\n\t\t","protected":false},"excerpt":{"rendered":"<p>2D Grundrisse f\u00fcr Immobilien 2D-Grundrisse bieten eine klare und pr\u00e4zise \u00dcbersicht \u00fcber Innenr\u00e4ume, einschlie\u00dflich Wohnzimmer, Schlafzimmer, K\u00fcchen, Badezimmer und B\u00fcror\u00e4ume. Diese detaillierten Layouts veranschaulichen die Struktur und den Fluss einer Immobilie, was die Pr\u00e4sentation in Immobilienanzeigen und Marketingmaterialien erleichtert. 2D Grundrisse f\u00fcr Immobilien: Klare Visualisierung der Raumaufteilung 2D Grundrisse sind ein unverzichtbares Werkzeug f\u00fcr Immobilienprofis&#8230;<\/p>\n","protected":false},"author":1,"featured_media":0,"parent":0,"menu_order":0,"comment_status":"closed","ping_status":"closed","template":"","meta":{"footnotes":""},"class_list":["post-1590","page","type-page","status-publish","hentry"],"_links":{"self":[{"href":"https:\/\/www.redrawplan.com\/de\/wp-json\/wp\/v2\/pages\/1590","targetHints":{"allow":["GET"]}}],"collection":[{"href":"https:\/\/www.redrawplan.com\/de\/wp-json\/wp\/v2\/pages"}],"about":[{"href":"https:\/\/www.redrawplan.com\/de\/wp-json\/wp\/v2\/types\/page"}],"author":[{"embeddable":true,"href":"https:\/\/www.redrawplan.com\/de\/wp-json\/wp\/v2\/users\/1"}],"replies":[{"embeddable":true,"href":"https:\/\/www.redrawplan.com\/de\/wp-json\/wp\/v2\/comments?post=1590"}],"version-history":[{"count":10,"href":"https:\/\/www.redrawplan.com\/de\/wp-json\/wp\/v2\/pages\/1590\/revisions"}],"predecessor-version":[{"id":1760,"href":"https:\/\/www.redrawplan.com\/de\/wp-json\/wp\/v2\/pages\/1590\/revisions\/1760"}],"wp:attachment":[{"href":"https:\/\/www.redrawplan.com\/de\/wp-json\/wp\/v2\/media?parent=1590"}],"curies":[{"name":"wp","href":"https:\/\/api.w.org\/{rel}","templated":true}]}}